{"id":1740,"date":"2021-08-25T10:59:35","date_gmt":"2021-08-25T13:59:35","guid":{"rendered":"https:\/\/plascar.com.br\/?page_id=1740"},"modified":"2021-08-25T10:59:35","modified_gmt":"2021-08-25T13:59:35","slug":"cotacao-eletronica","status":"publish","type":"page","link":"https:\/\/plascar.com.br\/en\/cotacao-eletronica\/","title":{"rendered":"Cota\u00e7\u00e3o Eletr\u00f4nica"},"content":{"rendered":"<p class=\"qtranxs-available-languages-message qtranxs-available-languages-message-en\">Sorry, this entry is only available in <a href=\"https:\/\/plascar.com.br\/pb\/wp-json\/wp\/v2\/pages\/1740\" class=\"qtranxs-available-language-link qtranxs-available-language-link-pb\" title=\"PT\">PT<\/a>.<\/p>","protected":false},"excerpt":{"rendered":"<p>Sorry, this entry is only available in PT.<\/p>\n","protected":false},"author":8,"featured_media":0,"parent":0,"menu_order":0,"comment_status":"closed","ping_status":"closed","template":"","meta":{"_acf_changed":false,"footnotes":""},"class_list":["post-1740","page","type-page","status-publish","hentry"],"acf":[],"yoast_head":"<!-- This site is optimized with the Yoast SEO plugin v27.4 - https:\/\/yoast.com\/product\/yoast-seo-wordpress\/ -->\n<title>Cota\u00e7\u00e3o Eletr\u00f4nica - Plascar<\/title>\n<meta name=\"robots\" content=\"index, follow, max-snippet:-1, max-image-preview:large, max-video-preview:-1\" \/>\n<link rel=\"canonical\" href=\"https:\/\/plascar.com.br\/en\/cotacao-eletronica\/\" \/>\n<meta property=\"og:locale\" content=\"en_US\" \/>\n<meta property=\"og:type\" content=\"article\" \/>\n<meta property=\"og:title\" content=\"Cota\u00e7\u00e3o Eletr\u00f4nica - Plascar\" \/>\n<meta property=\"og:description\" content=\"Sorry, this entry is only available in PT.\" \/>\n<meta property=\"og:url\" content=\"https:\/\/plascar.com.br\/en\/cotacao-eletronica\/\" \/>\n<meta property=\"og:site_name\" content=\"Plascar\" \/>\n<meta name=\"twitter:card\" content=\"summary_large_image\" \/>\n<meta name=\"twitter:label1\" content=\"Est. reading time\" \/>\n\t<meta name=\"twitter:data1\" content=\"1 minute\" \/>\n<script type=\"application\/ld+json\" class=\"yoast-schema-graph\">{\"@context\":\"https:\\\/\\\/schema.org\",\"@graph\":[{\"@type\":\"WebPage\",\"@id\":\"https:\\\/\\\/plascar.com.br\\\/en\\\/cotacao-eletronica\\\/\",\"url\":\"https:\\\/\\\/plascar.com.br\\\/en\\\/cotacao-eletronica\\\/\",\"name\":\"Cota\u00e7\u00e3o Eletr\u00f4nica - Plascar\",\"isPartOf\":{\"@id\":\"https:\\\/\\\/plascar.com.br\\\/en\\\/#website\"},\"datePublished\":\"2021-08-25T13:59:35+00:00\",\"breadcrumb\":{\"@id\":\"https:\\\/\\\/plascar.com.br\\\/en\\\/cotacao-eletronica\\\/#breadcrumb\"},\"inLanguage\":\"en-US\",\"potentialAction\":[{\"@type\":\"ReadAction\",\"target\":[[\"https:\\\/\\\/plascar.com.br\\\/en\\\/cotacao-eletronica\\\/\"]]}]},{\"@type\":\"BreadcrumbList\",\"@id\":\"https:\\\/\\\/plascar.com.br\\\/en\\\/cotacao-eletronica\\\/#breadcrumb\",\"itemListElement\":[{\"@type\":\"ListItem\",\"position\":1,\"name\":\"In\u00edcio\",\"item\":\"https:\\\/\\\/plascar.com.br\\\/en\\\/\"},{\"@type\":\"ListItem\",\"position\":2,\"name\":\"Cota\u00e7\u00e3o Eletr\u00f4nica\"}]},{\"@type\":\"WebSite\",\"@id\":\"https:\\\/\\\/plascar.com.br\\\/en\\\/#website\",\"url\":\"https:\\\/\\\/plascar.com.br\\\/en\\\/\",\"name\":\"Plascar\",\"description\":\"L\u00edder no mercado brasileiro de autope\u00e7as\",\"potentialAction\":[{\"@type\":\"SearchAction\",\"target\":{\"@type\":\"EntryPoint\",\"urlTemplate\":\"https:\\\/\\\/plascar.com.br\\\/en\\\/?s={search_term_string}\"},\"query-input\":{\"@type\":\"PropertyValueSpecification\",\"valueRequired\":true,\"valueName\":\"search_term_string\"}}],\"inLanguage\":\"en-US\"}]}<\/script>\n<!-- \/ Yoast SEO plugin. -->","yoast_head_json":{"title":"Cota\u00e7\u00e3o Eletr\u00f4nica - Plascar","robots":{"index":"index","follow":"follow","max-snippet":"max-snippet:-1","max-image-preview":"max-image-preview:large","max-video-preview":"max-video-preview:-1"},"canonical":"https:\/\/plascar.com.br\/en\/cotacao-eletronica\/","og_locale":"en_US","og_type":"article","og_title":"Cota\u00e7\u00e3o Eletr\u00f4nica - Plascar","og_description":"Sorry, this entry is only available in PT.","og_url":"https:\/\/plascar.com.br\/en\/cotacao-eletronica\/","og_site_name":"Plascar","twitter_card":"summary_large_image","twitter_misc":{"Est. reading time":"1 minute"},"schema":{"@context":"https:\/\/schema.org","@graph":[{"@type":"WebPage","@id":"https:\/\/plascar.com.br\/en\/cotacao-eletronica\/","url":"https:\/\/plascar.com.br\/en\/cotacao-eletronica\/","name":"Cota\u00e7\u00e3o Eletr\u00f4nica - Plascar","isPartOf":{"@id":"https:\/\/plascar.com.br\/en\/#website"},"datePublished":"2021-08-25T13:59:35+00:00","breadcrumb":{"@id":"https:\/\/plascar.com.br\/en\/cotacao-eletronica\/#breadcrumb"},"inLanguage":"en-US","potentialAction":[{"@type":"ReadAction","target":[["https:\/\/plascar.com.br\/en\/cotacao-eletronica\/"]]}]},{"@type":"BreadcrumbList","@id":"https:\/\/plascar.com.br\/en\/cotacao-eletronica\/#breadcrumb","itemListElement":[{"@type":"ListItem","position":1,"name":"In\u00edcio","item":"https:\/\/plascar.com.br\/en\/"},{"@type":"ListItem","position":2,"name":"Cota\u00e7\u00e3o Eletr\u00f4nica"}]},{"@type":"WebSite","@id":"https:\/\/plascar.com.br\/en\/#website","url":"https:\/\/plascar.com.br\/en\/","name":"Plascar","description":"L\u00edder no mercado brasileiro de autope\u00e7as","potentialAction":[{"@type":"SearchAction","target":{"@type":"EntryPoint","urlTemplate":"https:\/\/plascar.com.br\/en\/?s={search_term_string}"},"query-input":{"@type":"PropertyValueSpecification","valueRequired":true,"valueName":"search_term_string"}}],"inLanguage":"en-US"}]}},"_links":{"self":[{"href":"https:\/\/plascar.com.br\/en\/wp-json\/wp\/v2\/pages\/1740","targetHints":{"allow":["GET"]}}],"collection":[{"href":"https:\/\/plascar.com.br\/en\/wp-json\/wp\/v2\/pages"}],"about":[{"href":"https:\/\/plascar.com.br\/en\/wp-json\/wp\/v2\/types\/page"}],"author":[{"embeddable":true,"href":"https:\/\/plascar.com.br\/en\/wp-json\/wp\/v2\/users\/8"}],"replies":[{"embeddable":true,"href":"https:\/\/plascar.com.br\/en\/wp-json\/wp\/v2\/comments?post=1740"}],"version-history":[{"count":0,"href":"https:\/\/plascar.com.br\/en\/wp-json\/wp\/v2\/pages\/1740\/revisions"}],"wp:attachment":[{"href":"https:\/\/plascar.com.br\/en\/wp-json\/wp\/v2\/media?parent=1740"}],"curies":[{"name":"wp","href":"https:\/\/api.w.org\/{rel}","templated":true}]}}