{"id":1521,"date":"2021-01-12T11:31:32","date_gmt":"2021-01-12T14:31:32","guid":{"rendered":"https:\/\/plascar.com.br\/?page_id=1521"},"modified":"2022-06-28T11:39:25","modified_gmt":"2022-06-28T14:39:25","slug":"fornecedor","status":"publish","type":"page","link":"https:\/\/plascar.com.br\/en\/fornecedor\/","title":{"rendered":"Fornecedores"},"content":{"rendered":"<p><center><\/p>\n<table style=\"border-collapse: collapse; width: 68.6155%; height: 353px;\" border=\"0\">\n<tbody>\n<tr>\n<td style=\"width: 100%; text-align: justify;\" colspan=\"3\">A Plascar desenvolve, produz e distribui pe\u00e7as e componentes para toda cadeia automotiva e deve satisfazer altas exig\u00eancias quanto \u00e0 qualidade, apar\u00eancia e desempenho, procurando oferecer produtos, pre\u00e7os, prazos, servi\u00e7os e tecnologia de padr\u00e3o mundial aos nossos clientes cada vez mais exigentes. A Plascar est\u00e1 comprometida a adotar os objetivos de um \u201cSistema da Qualidade\u201d como instrumento de orienta\u00e7\u00e3o para que os fornecedores atinjam padr\u00f5es exigidos de competitividade e Qualidade. Certificada IATF 16949 e ISO 14001, a Plascar busca aperfei\u00e7oamento de qualidade em toda cadeia produtiva, incluindo toda a sua rede de fornecedores.<\/p>\n<p>&nbsp;<\/td>\n<\/tr>\n<tr>\n<td style=\"width: 33,33%;\"><a href=\"https:\/\/plascar.com.br\/wp-content\/uploads\/2021\/01\/Manual-de-Fornecedores.pdf\"><img loading=\"lazy\" decoding=\"async\" class=\"aligncenter\" src=\"https:\/\/plascar.com.br\/wp-content\/uploads\/2021\/01\/a2.png\" alt=\"\" width=\"232\" height=\"195\" \/><\/a><\/td>\n<td style=\"width: 33,33%;\"><img loading=\"lazy\" decoding=\"async\" class=\"aligncenter\" src=\"https:\/\/plascar.com.br\/wp-content\/uploads\/2021\/01\/playcotacaoeletronica.png\" width=\"232\" height=\"195\" \/><\/td>\n<td style=\"width: 33,33%;\"><img loading=\"lazy\" decoding=\"async\" class=\"aligncenter\" src=\"https:\/\/plascar.com.br\/wp-content\/uploads\/2021\/01\/a1.png\" alt=\"\" width=\"232\" height=\"195\" \/><\/td>\n<\/tr>\n<\/tbody>\n<\/table>\n<p>&nbsp;<\/center><\/p>","protected":false},"excerpt":{"rendered":"<p>A Plascar desenvolve, produz e distribui pe\u00e7as e componentes para toda cadeia automotiva e deve satisfazer altas exig\u00eancias quanto \u00e0 qualidade, apar\u00eancia e desempenho, procurando oferecer produtos, pre\u00e7os, prazos, servi\u00e7os e tecnologia de padr\u00e3o mundial aos nossos clientes cada vez mais exigentes. A Plascar est\u00e1 comprometida a adotar os objetivos de um \u201cSistema da Qualidade\u201d [&hellip;]<\/p>\n","protected":false},"author":2,"featured_media":0,"parent":0,"menu_order":0,"comment_status":"closed","ping_status":"closed","template":"","meta":{"_acf_changed":false,"footnotes":""},"class_list":["post-1521","page","type-page","status-publish","hentry"],"acf":[],"yoast_head":"<!-- This site is optimized with the Yoast SEO plugin v27.1.1 - https:\/\/yoast.com\/product\/yoast-seo-wordpress\/ -->\n<title>Fornecedores - Plascar<\/title>\n<meta name=\"robots\" content=\"index, follow, max-snippet:-1, max-image-preview:large, max-video-preview:-1\" \/>\n<link rel=\"canonical\" href=\"https:\/\/plascar.com.br\/en\/fornecedor\/\" \/>\n<meta property=\"og:locale\" content=\"en_US\" \/>\n<meta property=\"og:type\" content=\"article\" \/>\n<meta property=\"og:title\" content=\"Fornecedores - Plascar\" \/>\n<meta property=\"og:description\" content=\"A Plascar desenvolve, produz e distribui pe\u00e7as e componentes para toda cadeia automotiva e deve satisfazer altas exig\u00eancias quanto \u00e0 qualidade, apar\u00eancia e desempenho, procurando oferecer produtos, pre\u00e7os, prazos, servi\u00e7os e tecnologia de padr\u00e3o mundial aos nossos clientes cada vez mais exigentes. A Plascar est\u00e1 comprometida a adotar os objetivos de um \u201cSistema da Qualidade\u201d [&hellip;]\" \/>\n<meta property=\"og:url\" content=\"https:\/\/plascar.com.br\/en\/fornecedor\/\" \/>\n<meta property=\"og:site_name\" content=\"Plascar\" \/>\n<meta property=\"article:modified_time\" content=\"2022-06-28T14:39:25+00:00\" \/>\n<meta property=\"og:image\" content=\"https:\/\/plascar.com.br\/wp-content\/uploads\/2021\/01\/a2.png\" \/>\n<meta name=\"twitter:card\" content=\"summary_large_image\" \/>\n<meta name=\"twitter:label1\" content=\"Est. reading time\" \/>\n\t<meta name=\"twitter:data1\" content=\"2 minutes\" \/>\n<script type=\"application\/ld+json\" class=\"yoast-schema-graph\">{\"@context\":\"https:\/\/schema.org\",\"@graph\":[{\"@type\":\"WebPage\",\"@id\":\"https:\/\/plascar.com.br\/en\/fornecedor\/\",\"url\":\"https:\/\/plascar.com.br\/en\/fornecedor\/\",\"name\":\"Fornecedores - Plascar\",\"isPartOf\":{\"@id\":\"https:\/\/plascar.com.br\/en\/#website\"},\"primaryImageOfPage\":{\"@id\":\"https:\/\/plascar.com.br\/en\/fornecedor\/#primaryimage\"},\"image\":{\"@id\":\"https:\/\/plascar.com.br\/fornecedor\/#primaryimage\"},\"thumbnailUrl\":\"https:\/\/plascar.com.br\/wp-content\/uploads\/2021\/01\/a2.png\",\"datePublished\":\"2021-01-12T14:31:32+00:00\",\"dateModified\":\"2022-06-28T14:39:25+00:00\",\"breadcrumb\":{\"@id\":\"https:\/\/plascar.com.br\/en\/fornecedor\/#breadcrumb\"},\"inLanguage\":\"en-US\",\"potentialAction\":[{\"@type\":\"ReadAction\",\"target\":[[\"https:\/\/plascar.com.br\/en\/fornecedor\/\"]]}]},{\"@type\":\"ImageObject\",\"inLanguage\":\"en-US\",\"@id\":\"https:\/\/plascar.com.br\/en\/fornecedor\/#primaryimage\",\"url\":\"https:\/\/plascar.com.br\/wp-content\/uploads\/2021\/01\/a2.png\",\"contentUrl\":\"https:\/\/plascar.com.br\/wp-content\/uploads\/2021\/01\/a2.png\"},{\"@type\":\"BreadcrumbList\",\"@id\":\"https:\/\/plascar.com.br\/en\/fornecedor\/#breadcrumb\",\"itemListElement\":[{\"@type\":\"ListItem\",\"position\":1,\"name\":\"In\u00edcio\",\"item\":\"https:\/\/plascar.com.br\/en\/\"},{\"@type\":\"ListItem\",\"position\":2,\"name\":\"Fornecedores\"}]},{\"@type\":\"WebSite\",\"@id\":\"https:\/\/plascar.com.br\/en\/#website\",\"url\":\"https:\/\/plascar.com.br\/en\/\",\"name\":\"Plascar\",\"description\":\"L\u00edder no mercado brasileiro de autope\u00e7as\",\"potentialAction\":[{\"@type\":\"SearchAction\",\"target\":{\"@type\":\"EntryPoint\",\"urlTemplate\":\"https:\/\/plascar.com.br\/en\/?s={search_term_string}\"},\"query-input\":{\"@type\":\"PropertyValueSpecification\",\"valueRequired\":true,\"valueName\":\"search_term_string\"}}],\"inLanguage\":\"en-US\"}]}<\/script>\n<!-- \/ Yoast SEO plugin. -->","yoast_head_json":{"title":"Fornecedores - Plascar","robots":{"index":"index","follow":"follow","max-snippet":"max-snippet:-1","max-image-preview":"max-image-preview:large","max-video-preview":"max-video-preview:-1"},"canonical":"https:\/\/plascar.com.br\/en\/fornecedor\/","og_locale":"en_US","og_type":"article","og_title":"Fornecedores - Plascar","og_description":"A Plascar desenvolve, produz e distribui pe\u00e7as e componentes para toda cadeia automotiva e deve satisfazer altas exig\u00eancias quanto \u00e0 qualidade, apar\u00eancia e desempenho, procurando oferecer produtos, pre\u00e7os, prazos, servi\u00e7os e tecnologia de padr\u00e3o mundial aos nossos clientes cada vez mais exigentes. A Plascar est\u00e1 comprometida a adotar os objetivos de um \u201cSistema da Qualidade\u201d [&hellip;]","og_url":"https:\/\/plascar.com.br\/en\/fornecedor\/","og_site_name":"Plascar","article_modified_time":"2022-06-28T14:39:25+00:00","og_image":[{"url":"https:\/\/plascar.com.br\/wp-content\/uploads\/2021\/01\/a2.png","type":"","width":"","height":""}],"twitter_card":"summary_large_image","twitter_misc":{"Est. reading time":"2 minutes"},"schema":{"@context":"https:\/\/schema.org","@graph":[{"@type":"WebPage","@id":"https:\/\/plascar.com.br\/en\/fornecedor\/","url":"https:\/\/plascar.com.br\/en\/fornecedor\/","name":"Fornecedores - Plascar","isPartOf":{"@id":"https:\/\/plascar.com.br\/en\/#website"},"primaryImageOfPage":{"@id":"https:\/\/plascar.com.br\/en\/fornecedor\/#primaryimage"},"image":{"@id":"https:\/\/plascar.com.br\/fornecedor\/#primaryimage"},"thumbnailUrl":"https:\/\/plascar.com.br\/wp-content\/uploads\/2021\/01\/a2.png","datePublished":"2021-01-12T14:31:32+00:00","dateModified":"2022-06-28T14:39:25+00:00","breadcrumb":{"@id":"https:\/\/plascar.com.br\/en\/fornecedor\/#breadcrumb"},"inLanguage":"en-US","potentialAction":[{"@type":"ReadAction","target":[["https:\/\/plascar.com.br\/en\/fornecedor\/"]]}]},{"@type":"ImageObject","inLanguage":"en-US","@id":"https:\/\/plascar.com.br\/en\/fornecedor\/#primaryimage","url":"https:\/\/plascar.com.br\/wp-content\/uploads\/2021\/01\/a2.png","contentUrl":"https:\/\/plascar.com.br\/wp-content\/uploads\/2021\/01\/a2.png"},{"@type":"BreadcrumbList","@id":"https:\/\/plascar.com.br\/en\/fornecedor\/#breadcrumb","itemListElement":[{"@type":"ListItem","position":1,"name":"In\u00edcio","item":"https:\/\/plascar.com.br\/en\/"},{"@type":"ListItem","position":2,"name":"Fornecedores"}]},{"@type":"WebSite","@id":"https:\/\/plascar.com.br\/en\/#website","url":"https:\/\/plascar.com.br\/en\/","name":"Plascar","description":"L\u00edder no mercado brasileiro de autope\u00e7as","potentialAction":[{"@type":"SearchAction","target":{"@type":"EntryPoint","urlTemplate":"https:\/\/plascar.com.br\/en\/?s={search_term_string}"},"query-input":{"@type":"PropertyValueSpecification","valueRequired":true,"valueName":"search_term_string"}}],"inLanguage":"en-US"}]}},"_links":{"self":[{"href":"https:\/\/plascar.com.br\/en\/wp-json\/wp\/v2\/pages\/1521","targetHints":{"allow":["GET"]}}],"collection":[{"href":"https:\/\/plascar.com.br\/en\/wp-json\/wp\/v2\/pages"}],"about":[{"href":"https:\/\/plascar.com.br\/en\/wp-json\/wp\/v2\/types\/page"}],"author":[{"embeddable":true,"href":"https:\/\/plascar.com.br\/en\/wp-json\/wp\/v2\/users\/2"}],"replies":[{"embeddable":true,"href":"https:\/\/plascar.com.br\/en\/wp-json\/wp\/v2\/comments?post=1521"}],"version-history":[{"count":1,"href":"https:\/\/plascar.com.br\/en\/wp-json\/wp\/v2\/pages\/1521\/revisions"}],"predecessor-version":[{"id":1832,"href":"https:\/\/plascar.com.br\/en\/wp-json\/wp\/v2\/pages\/1521\/revisions\/1832"}],"wp:attachment":[{"href":"https:\/\/plascar.com.br\/en\/wp-json\/wp\/v2\/media?parent=1521"}],"curies":[{"name":"wp","href":"https:\/\/api.w.org\/{rel}","templated":true}]}}